{"id":1083,"date":"2022-10-07T18:34:03","date_gmt":"2022-10-07T16:34:03","guid":{"rendered":"https:\/\/handewitter-sv.de\/?page_id=1083"},"modified":"2025-04-17T16:18:42","modified_gmt":"2025-04-17T14:18:42","slug":"zumba","status":"publish","type":"page","link":"https:\/\/handewitter-sv.de\/?page_id=1083","title":{"rendered":"Tanzen und Zumba"},"content":{"rendered":"<p><strong>Tanzen<\/strong><\/p>\n<p>&nbsp;<\/p>\n<p>Sportliche Leitung: Melina Petersen<\/p>\n<p>Mail: melina.petersen@outlook.de<\/p>\n<p>&nbsp;<\/p>\n<p><strong>Kindertanzen &#8211; Dienstag, 15.30 &#8211; 16.15 Uhr, 4 &#8211; 6 Jahre, Thorsaal<\/strong><\/p>\n<p>In diesem Kurs lernen die Kinder, sich spielerisch zur Musik zu bewegen, Texte und Rhythmen wahrzunehmen und zu verstehen. Das Ziel ist, die Aufmerksamkeit zu f\u00f6rdern und ein Gef\u00fchl f\u00fcr die Musik zu bekommen.<\/p>\n<p>&nbsp;<\/p>\n<p><strong>Kindertanzen &#8211; Dienstag, 16.30 &#8211; 17.30 Uhr, 7 &#8211; 9 Jahre, Thorsaal<\/strong><\/p>\n<p>Hier werden bereits einfache Choreografien einge\u00fcbt und erlernt, sich zum Takt der Musik zu bewegen.<\/p>\n<p>&nbsp;<\/p>\n<p>&nbsp;<\/p>\n<p><strong>Zumba<\/strong><\/p>\n<p>&nbsp;<\/p>\n<p>Sportliche Leitung: Violetta Morales Munoz<\/p>\n<p>Telefon: (Anmeldungen beim Handewitter SV) 04608\/1333<\/p>\n<p>Mail: verwaltung@handewitter-sv.de<\/p>\n<p>&nbsp;<\/p>\n<p><strong>Zumba Kids &#8211; Freitag, 15.15 &#8211; 16 Uhr (5 &#8211; 8 Jahre), 16 &#8211; 16.45 Uhr (ab 9 Jahre), Thorsaal<\/strong><\/p>\n<p>Zumba Kids Kurse sind ausschlie\u00dflich f\u00fcr Kinder konzipiert worden. In diesen Kursen werden Bewegungen und Musikelemente miteinander kombiniert und gleichzeitig wird ein Gemeinschaftsgef\u00fchl geschaffen. Sie sind coole, energiegeladen Dance-Partys und bieten eine F\u00fclle, gezielt f\u00fcr Kinder entwickelter Fitness-Choreografien zu der Musik, die Kinder lieben, wie Hip-Hop, Reggaeton, Cumbia und mehr. Kinder werden dazu angeregt, sich durch Bewegung und Spiel auszudr\u00fccken, was sich au\u00dferdem insgesamt auf ihre Gesundheit und ihr Wohlbefinden positiv auswirkt. Es f\u00f6rdert deren Konzentration und Selbstbewusstsein, regt den Stoffwechsel an und verbessert ihre Koordination.<\/p>\n<p>Zumba Kids &#8211; kleine F\u00fc\u00dfe, Gro\u00dfe Schritte, nie zu jung zum Feiern!<\/p>\n<p>&nbsp;<\/p>\n<p><strong>Zumba Erwachsene &#8211; Freitag, 17 &#8211; 18 Uhr, Thorsaal<\/strong><\/p>\n<p>Zumba ist ein vom Latino-Lebensgef\u00fchl inspiriertes Tanz- und Fitnessprogramm mit lateinamerikanischer und internationaler Musik und Tanzstilen. Aus dieser Kombination entsteht ein dynamisches, begeisterndes und sehr effektives Fitnesstraining. Ein Zumba Kurs &#8211; auch Zumba Fitnessparty genannt &#8211; verbindet schnellere und langsamere Rhythmen und Bewegungsabl\u00e4ufe zu einem Aerobic- und Fitness-Workout, das die optimale Balance zwischen Ausdauer &#8211; und Intervalltraining und k\u00f6rperformenden Muskelaufbau \/ Krafttraining bietet, um bestm\u00f6gliche Ergebnisse in Bezug auf Kalorienverbrauch, Ausdauer sowie Formung und Straffung der Figur zu erreichen. Die Choreografien sind problemlos und einfach f\u00fcr Jeden zu erlernen, vorherige Tanzerfahrung ist nicht erforderlich. Fitnesstand, pers\u00f6nlicher Hintergrund sowie Alter spielen keine Rolle- alle Interessierten k\u00f6nnen sofort und laufend einsteigen und mitmachen, da nur wenige Grundschritte erlernt werden m\u00fcssen. Beim Zumba kommt man RICHTIG INS SCHWITZEN, ohne die Anstrengung zu merken. Bereit zum Schwitzen? Let\u00b4s Party!<\/p>\n<p>&nbsp;<\/p>\n<p><strong>Trainingszeiten:<\/strong><\/p>\n<p>&nbsp;<\/p>\n<table>\n<tbody>\n<tr>\n<td style=\"width: 2.80218%;\"><strong>Dienstag<\/strong><\/td>\n<td style=\"width: 11.1557%;\">15:30-16:15 Uhr<\/td>\n<td style=\"width: 15.2075%;\">Kindertanzen (4-6 Jahre)<\/td>\n<td style=\"width: 5.60994%;\">Thorsaal\/Melina<\/td>\n<\/tr>\n<tr>\n<td style=\"width: 2.80218%;\"><strong>\u00a0<\/strong><\/td>\n<td style=\"width: 11.1557%;\">16:30-17:30 Uhr<\/td>\n<td style=\"width: 15.2075%;\">Kindertanzen (7-9 Jahre)<\/td>\n<td style=\"width: 5.60994%;\">Thorsaal\/Melina<\/td>\n<\/tr>\n<tr style=\"height: 57px;\">\n<td style=\"width: 2.80218%; height: 57px;\"><strong>Freitag<\/strong><\/td>\n<td style=\"width: 11.1557%; height: 57px;\">15:15-16:00 Uhr<\/td>\n<td style=\"width: 15.2075%; height: 57px;\">Zumba Kids (5-8 Jahre)<\/td>\n<td style=\"width: 5.60994%; height: 57px;\">Thorsaal\/Violetta<\/td>\n<\/tr>\n<tr style=\"height: 57px;\">\n<td style=\"width: 2.80218%; height: 57px;\"><strong>\u00a0<\/strong><\/td>\n<td style=\"width: 11.1557%; height: 57px;\">16:00-16:45 Uhr<\/td>\n<td style=\"width: 15.2075%; height: 57px;\">Zumba Kids (ab 9 Jahre)<\/td>\n<td style=\"width: 5.60994%; height: 57px;\">Thorsaal\/Violetta<\/td>\n<\/tr>\n<tr style=\"height: 57px;\">\n<td style=\"width: 2.80218%; height: 57px;\"><strong>\u00a0<\/strong><\/td>\n<td style=\"width: 11.1557%; height: 57px;\">17:00-18:00 Uhr<\/td>\n<td style=\"width: 15.2075%; height: 57px;\">Zumba Erwachsene<\/td>\n<td style=\"width: 5.60994%; height: 57px;\">Thorsaal\/Violetta<\/td>\n<\/tr>\n<\/tbody>\n<\/table>\n<p>&nbsp;<\/p>\n<p>&nbsp;<\/p>\n","protected":false},"excerpt":{"rendered":"<p>Tanzen &nbsp; Sportliche Leitung: Melina Petersen Mail: melina.petersen@outlook.de &nbsp; Kindertanzen &#8211; Dienstag, 15.30 &#8211; 16.15 Uhr, 4 &#8211; 6 Jahre, Thorsaal In diesem Kurs lernen die Kinder, sich spielerisch zur Musik zu bewegen, Texte und Rhythmen wahrzunehmen und zu verstehen. Das Ziel ist, die Aufmerksamkeit zu f\u00f6rdern und ein Gef\u00fchl f\u00fcr die Musik zu bekommen.&hellip; <br \/> <a class=\"read-more\" href=\"https:\/\/handewitter-sv.de\/?page_id=1083\">Read more<\/a><\/p>\n","protected":false},"author":1,"featured_media":0,"parent":0,"menu_order":0,"comment_status":"closed","ping_status":"closed","template":"","meta":{"footnotes":""},"class_list":["post-1083","page","type-page","status-publish","hentry"],"_links":{"self":[{"href":"https:\/\/handewitter-sv.de\/index.php?rest_route=\/wp\/v2\/pages\/1083","targetHints":{"allow":["GET"]}}],"collection":[{"href":"https:\/\/handewitter-sv.de\/index.php?rest_route=\/wp\/v2\/pages"}],"about":[{"href":"https:\/\/handewitter-sv.de\/index.php?rest_route=\/wp\/v2\/types\/page"}],"author":[{"embeddable":true,"href":"https:\/\/handewitter-sv.de\/index.php?rest_route=\/wp\/v2\/users\/1"}],"replies":[{"embeddable":true,"href":"https:\/\/handewitter-sv.de\/index.php?rest_route=%2Fwp%2Fv2%2Fcomments&post=1083"}],"version-history":[{"count":22,"href":"https:\/\/handewitter-sv.de\/index.php?rest_route=\/wp\/v2\/pages\/1083\/revisions"}],"predecessor-version":[{"id":1550,"href":"https:\/\/handewitter-sv.de\/index.php?rest_route=\/wp\/v2\/pages\/1083\/revisions\/1550"}],"wp:attachment":[{"href":"https:\/\/handewitter-sv.de\/index.php?rest_route=%2Fwp%2Fv2%2Fmedia&parent=1083"}],"curies":[{"name":"wp","href":"https:\/\/api.w.org\/{rel}","templated":true}]}}