{"id":1600,"date":"2025-06-30T18:53:57","date_gmt":"2025-06-30T16:53:57","guid":{"rendered":"https:\/\/handewitter-sv.de\/?page_id=1600"},"modified":"2025-08-09T11:07:58","modified_gmt":"2025-08-09T09:07:58","slug":"dart-heavydarts","status":"publish","type":"page","link":"https:\/\/handewitter-sv.de\/?page_id=1600","title":{"rendered":"Dart &#8211; Heavydarts"},"content":{"rendered":"<p><strong>Dart<\/strong><\/p>\n<p>&nbsp;<\/p>\n<p>Abteilungsleitung: Florian Hansen<\/p>\n<p>Telefon: <span style=\"font-family: inherit; font-size: inherit; background-color: transparent;\">01522\/7145955<\/span><\/p>\n<p>Mail: heavydarts-florianhansen@gmx.de<\/p>\n<p>&nbsp;<\/p>\n<p><strong>Trainingszeiten: <\/strong><span style=\"background-color: transparent;\">G\u00e4ste sind immer erw\u00fcnscht (Flyer: <a href=\"https:\/\/handewitter-sv.de\/wp-content\/uploads\/2025\/05\/Dart-Frauentraining.pdf\">M\u00e4dchen- und Frauentraining<\/a>)<\/span><\/p>\n<p>&nbsp;<\/p>\n<table style=\"border-style: none;\">\n<tbody>\n<tr>\n<td style=\"width: 307.516px;\"><strong>Wochentag<\/strong><\/td>\n<td style=\"width: 327.141px;\"><strong>Uhrzeit<\/strong><\/td>\n<td style=\"width: 351.125px;\"><strong>Gruppe<\/strong><\/td>\n<td style=\"width: 392.219px;\"><strong>Ort\/ sportl. Leitung<\/strong><\/td>\n<\/tr>\n<tr>\n<td style=\"width: 307.516px;\"><strong>Dienstag<\/strong><\/td>\n<td style=\"width: 327.141px;\">ab 19:00 Uhr<\/td>\n<td style=\"width: 351.125px;\">offenes Training<\/td>\n<td style=\"width: 392.219px;\">Sportheim\/ Luca Maximilian Schr\u00f6der<\/p>\n<p>Telefon: 01733\/703692<\/td>\n<\/tr>\n<tr>\n<td style=\"width: 307.516px;\"><strong>Mittwoch<\/strong><\/td>\n<td style=\"width: 327.141px;\">ab 19:00 Uhr<\/td>\n<td style=\"width: 351.125px;\">M\u00e4dchen und Frauen Training<\/td>\n<td style=\"width: 392.219px;\">Sportheim\/ Florian Hansen, Saskia Nissen<\/td>\n<\/tr>\n<tr>\n<td style=\"width: 307.516px;\"><strong>Donnerstag<\/strong><\/td>\n<td style=\"width: 327.141px;\">ab 17:00 Uhr<\/td>\n<td style=\"width: 351.125px;\">Liga Punktspiele<\/td>\n<td style=\"width: 392.219px;\">Sportheim\/ Florian Hansen<\/td>\n<\/tr>\n<tr>\n<td style=\"width: 307.516px;\"><strong>Freitag<\/strong><\/td>\n<td style=\"width: 327.141px;\">ab 19:00 Uhr<\/td>\n<td style=\"width: 351.125px;\">offenes Training<\/td>\n<td style=\"width: 392.219px;\">Sportheim\/ Luca Maximilian Schr\u00f6der<\/td>\n<\/tr>\n<tr>\n<td style=\"width: 307.516px;\"><strong>Sonntag<\/strong><\/td>\n<td style=\"width: 327.141px;\">10:30 &#8211; 17:00 Uhr<\/td>\n<td style=\"width: 351.125px;\">Liga Punktspiele<\/td>\n<td style=\"width: 392.219px;\">Sportheim\/ Florian Hansen<\/td>\n<\/tr>\n<\/tbody>\n<\/table>\n","protected":false},"excerpt":{"rendered":"<p>Dart &nbsp; Abteilungsleitung: Florian Hansen Telefon: 01522\/7145955 Mail: heavydarts-florianhansen@gmx.de &nbsp; Trainingszeiten: G\u00e4ste sind immer erw\u00fcnscht (Flyer: M\u00e4dchen- und Frauentraining) &nbsp; Wochentag Uhrzeit Gruppe Ort\/ sportl. Leitung Dienstag ab 19:00 Uhr offenes Training Sportheim\/ Luca Maximilian Schr\u00f6der Telefon: 01733\/703692 Mittwoch ab 19:00 Uhr M\u00e4dchen und Frauen Training Sportheim\/ Florian Hansen, Saskia Nissen Donnerstag ab 17:00 Uhr&hellip; <br \/> <a class=\"read-more\" href=\"https:\/\/handewitter-sv.de\/?page_id=1600\">Read more<\/a><\/p>\n","protected":false},"author":1,"featured_media":0,"parent":0,"menu_order":0,"comment_status":"closed","ping_status":"closed","template":"","meta":{"footnotes":""},"class_list":["post-1600","page","type-page","status-publish","hentry"],"_links":{"self":[{"href":"https:\/\/handewitter-sv.de\/index.php?rest_route=\/wp\/v2\/pages\/1600","targetHints":{"allow":["GET"]}}],"collection":[{"href":"https:\/\/handewitter-sv.de\/index.php?rest_route=\/wp\/v2\/pages"}],"about":[{"href":"https:\/\/handewitter-sv.de\/index.php?rest_route=\/wp\/v2\/types\/page"}],"author":[{"embeddable":true,"href":"https:\/\/handewitter-sv.de\/index.php?rest_route=\/wp\/v2\/users\/1"}],"replies":[{"embeddable":true,"href":"https:\/\/handewitter-sv.de\/index.php?rest_route=%2Fwp%2Fv2%2Fcomments&post=1600"}],"version-history":[{"count":4,"href":"https:\/\/handewitter-sv.de\/index.php?rest_route=\/wp\/v2\/pages\/1600\/revisions"}],"predecessor-version":[{"id":1609,"href":"https:\/\/handewitter-sv.de\/index.php?rest_route=\/wp\/v2\/pages\/1600\/revisions\/1609"}],"wp:attachment":[{"href":"https:\/\/handewitter-sv.de\/index.php?rest_route=%2Fwp%2Fv2%2Fmedia&parent=1600"}],"curies":[{"name":"wp","href":"https:\/\/api.w.org\/{rel}","templated":true}]}}