{"id":436,"date":"2019-02-12T20:16:08","date_gmt":"2019-02-12T19:16:08","guid":{"rendered":"http:\/\/handewitter-sv.de\/?page_id=436"},"modified":"2026-05-12T16:40:56","modified_gmt":"2026-05-12T14:40:56","slug":"gymnastik","status":"publish","type":"page","link":"https:\/\/handewitter-sv.de\/?page_id=436","title":{"rendered":"Gymnastik"},"content":{"rendered":"<p><strong><span style=\"font-size: 12pt;\">Gymnastik<\/span><\/strong><\/p>\n<p>&nbsp;<\/p>\n<p>Sportliche Leitung: Petra Mademann<\/p>\n<p>Telefon: 04608\/365<\/p>\n<p>Mail: petra-mademann@gmx.de<\/p>\n<p>&nbsp;<\/p>\n<p>&nbsp;<\/p>\n<p><b>Body Workout \/ Step &#8211; Montag, 18.30 &#8211; 19.30 Uhr, Thorsaal<\/b><\/p>\n<p>Sportliche Leitung: Margrit Johannsen<\/p>\n<p>Eine gezielte Gymnastik zur Kr\u00e4ftigung und Straffung der \u201eProblemzonen\u201c, sowie ein Ausdauertraining mit Hilfe von Steps, Kurzhanteln, Tubes und Pilatesb\u00e4llen.<\/p>\n<p>&nbsp;<\/p>\n<p><b>Bauch, Beine, Po &#8211; Montag, 19.30 &#8211; 20.30 Uhr, Thorsaal<\/b><\/p>\n<p>Sportliche Leitung: Sabrina Skibbe &#8211; Telefon: 0461\/49246517<\/p>\n<p>Durch den Wechsel aus Belastungs- und Kr\u00e4ftigungsphasen steigerst du durch dieses Training dein k\u00f6rperliches Wohlbefinden und allgemeine Fitness. Deine Muskulatur \u2013 mit Schwerpunkt \u201eProblemzonen\u201c &#8211; wird gekr\u00e4ftigt. Deine Kondition und Koordination wird ausgebaut. Die Intensit\u00e4t der \u00dcbungsausf\u00fchrung wird individuell von dir gesteuert. F\u00fcr Abwechslung und unterschiedliche Trainingsreize nutzen wir z.B. das Step, Tubes oder Kurzhanteln. Abgerundet wird das Training durch kurze Stretch- und Relaxphasen.<\/p>\n<p>&nbsp;<\/p>\n<p><b>Joy Aerobic 50 + &#8211; Dienstag, 18 &#8211; 19 Uhr, Kleine Halle<\/b><\/p>\n<p>Sportliche Leitung: Monika Schulze<\/p>\n<p>Bewegung mit Musik steht im Vordergrund dieser Stunde.<\/p>\n<p>Wir trainieren die K\u00f6rperkontrolle, Kondition und die allgemeine Beweglichkeit, teilweise mit Einsatz der Step Bretter.<\/p>\n<p>Die Folge ist eine Kr\u00e4ftigung der gesamten Muskulatur und damit ein gutes K\u00f6rpergef\u00fchl.<\/p>\n<p>&nbsp;<\/p>\n<p><b>Fitnessintervall &#8211; Dienstag, 18.30 &#8211; 19.30, Thorsaal<\/b><\/p>\n<p>Sportliche Leitung: Petra Mademann<\/p>\n<p>Ein abwechslungsreiches und effektives Training. Gezielte \u00dcbungen f\u00fcr Bauch-, R\u00fccken- und Schultermuskulatur sowie Koordinations\u00fcbungen im Wechsel mit Ausdauereinheiten. Wie nutzen unterschiedliche Kleinger\u00e4te wie Step Bretter, Hantel, Tubes, Flexi Bar, Pilatesb\u00e4lle.<\/p>\n<p>&nbsp;<\/p>\n<p><b>Ganzk\u00f6rpertraining &#8211; Mittwoch, 09 &#8211; 10:15 Uhr, Thorsaal<\/b><\/p>\n<p>Sportliche Leitung: Monika Schulze<\/p>\n<p>Langsame, minimale \u00dcbungen mit vielen Wiederholungen zur K\u00f6rperstraffung und Muskelaufbau bestimmen diese Stunde.<\/p>\n<p>Dadurch entsteht ein gutes Gleichgewicht und der R\u00fccken wird gest\u00e4rkt.<\/p>\n<p>Die \u00dcbungen verbessern die K\u00f6rperhaltung, das Gleichgewicht und besonders die Tiefenmuskulatur. Mit Einsatz der Atmung wird auf eine gelenkschonende Ausf\u00fchrung geachtet.<\/p>\n<p>&nbsp;<\/p>\n<p><b>Sport f\u00fcr Jedermann und Jedefrau &#8211; Mittwoch, 18 &#8211; 19.30 Uhr, Kleine Halle<\/b><\/p>\n<p>Sportliche Leitung: Axel Mademann<\/p>\n<p>Das Angebot richtet sich an Jedermann und Jedefrau, welche sich durch sportliche Bet\u00e4tigung fit halten m\u00f6chten.<\/p>\n<p>Wir beginnen mit einem erw\u00e4rmenden Ausdauertraining.<\/p>\n<p>Um den K\u00f6rper in Form zu bringen folgen dann spezielle \u00dcbungen zur Mobilisierung, Kr\u00e4ftigung und Dehnung der Muskulatur. Trainiert wird hier mit oder ohne Kleinger\u00e4te<\/p>\n<p>( Hanteln, Tube, Flexi Bar u.a. ) oder wir schwitzen bei einem oder mehreren Durchg\u00e4ngen eines Zirkeltrainings.<\/p>\n<p>Abgerundet wird die \u00dcbungsstunde durch Ballspiele, wie z.B. Basketball, Tchoukball,<\/p>\n<p>Federball, Fu\u00dfball u.\u00e4. .<\/p>\n<p>Jedermann und Jedefrau sind herzlich willkommen.<\/p>\n<p>&nbsp;<\/p>\n<p><b>K\u00f6rpertraining f\u00fcr M\u00e4nner &#8211; Mittwoch, 17 &#8211; 18 Uhr, Thorsaal<\/b><\/p>\n<p>Sportliche Leitung: Monika Schulze<\/p>\n<p>Ein abwechslungsreiches Training f\u00fcr den ganzen K\u00f6rper. Durchgef\u00fchrt werden Koordinations\u00fcbungen f\u00fcr den ganzen K\u00f6rper mit Einsatz unterschiedlicher Kleinger\u00e4te wie Hanten, Tubes, Steps und Pilatesb\u00e4lle.<\/p>\n<p>&nbsp;<\/p>\n<p><b>K\u00f6rpertraining &#8211; Donnerstag, 08.30 &#8211; 09.30 Uhr, Thorsaal<\/b><\/p>\n<p>Sportliche Leitung: Petra Mademann<\/p>\n<p>Wir beginnen mit einer Aufw\u00e4rmphase, die den Kreislauf in Schwung bringt und Muskeln und Gelenke mobilisiert und erw\u00e4rmt.<\/p>\n<p>Gefolgt wird dieser Einf\u00fchrungsteil von einem Herz \u2013 Kreislauftraining mit oder ohne dem Step \u2013 Brett. Mit leichten Schrittkombinationen trainieren wir unsere Ausdauer.<\/p>\n<p>Im anschlie\u00dfenden Kr\u00e4ftigungsteil bringen wir die Problemzonen Bauch, Beine, Po und Arme in Form. Hier kommen teilweise Kleinger\u00e4te wie Tube, Theraband, Hanteln, FlexiBar und Redondoball zum Einsatz.<\/p>\n<p>Einen angenehmen Abschlu\u00df der Stunde bilden Entspannungs\u00fcbungen und Stretching.<\/p>\n<p>Zu ruhigen Kl\u00e4ngen dehnen wir die Muskulatur, die durch die \u00dcbungen beansprucht wurde.<\/p>\n<p>&nbsp;<\/p>\n<p><b>Flexi Fitness Mix, von allem etwas &#8211; f\u00fcr alle geeignet &#8211; Donnerstag, 17.30 &#8211; <\/b><b>18.30 <\/b><b>u. 18.30 &#8211; 19.30 Uhr, Thorsaal<\/b><\/p>\n<p>Sportliche Leitung: Margrit Johannsen und Monika Schulze<\/p>\n<p>Ein abwechslungsreiches Fitnessprogramm aus den Bereichen Flexi Bar, Step und Intervalltraining.<\/p>\n<p>Durch die Schwingungen des Flexi Bar werden die tiefliegenden Muskeln trainiert.<\/p>\n<p>&nbsp;<\/p>\n<p><strong>Trainingszeiten:<\/strong><\/p>\n<p>&nbsp;<\/p>\n<table style=\"height: 912px; width: 100%;\">\n<tbody>\n<tr style=\"height: 57px;\">\n<td style=\"width: 2.80218%; height: 57px;\" width=\"121\"><strong>Wochentag<\/strong><\/td>\n<td style=\"width: 11.1557%; height: 57px;\" width=\"142\"><strong>Uhrzeit<\/strong><\/td>\n<td style=\"width: 15.2075%; height: 57px;\" width=\"208\"><strong>Turngruppe<\/strong><\/td>\n<td style=\"width: 5.60994%; height: 57px;\" width=\"170\"><strong>Ort\/ sportl. Leitung<\/strong><\/td>\n<\/tr>\n<tr style=\"height: 57px;\">\n<td style=\"width: 2.80218%; height: 57px;\" width=\"121\"><strong>Montag<\/strong><\/td>\n<td style=\"width: 11.1557%; height: 57px;\" width=\"142\">18:30-19:30 Uhr<\/td>\n<td style=\"width: 15.2075%; height: 57px;\" width=\"208\">Body Workout<\/td>\n<td style=\"width: 5.60994%; height: 57px;\" width=\"170\">Thorsaal\/ Margrit<\/td>\n<\/tr>\n<tr style=\"height: 57px;\">\n<td style=\"width: 2.80218%; height: 57px;\" width=\"121\"><strong>\u00a0<\/strong><\/td>\n<td style=\"width: 11.1557%; height: 57px;\" width=\"142\">19:30-20:30 Uhr<\/td>\n<td style=\"width: 15.2075%; height: 57px;\" width=\"208\">Bauch, Beine, Po<\/td>\n<td style=\"width: 5.60994%; height: 57px;\" width=\"170\">Thorsaal\/ Sabrina<\/td>\n<\/tr>\n<tr style=\"height: 57px;\">\n<td style=\"width: 2.80218%; height: 57px;\" width=\"121\"><strong>Dienstag<\/strong><\/td>\n<td style=\"width: 11.1557%; height: 57px;\" width=\"142\">18:00-19:00 Uhr<\/td>\n<td style=\"width: 15.2075%; height: 57px;\" width=\"208\">Joy-Aerobic 50 +<\/td>\n<td style=\"width: 5.60994%; height: 57px;\" width=\"170\">Kleine Halle\/ Monika<\/td>\n<\/tr>\n<tr style=\"height: 57px;\">\n<td style=\"width: 2.80218%; height: 57px;\" width=\"121\"><strong>\u00a0<\/strong><\/td>\n<td style=\"width: 11.1557%; height: 57px;\" width=\"142\">18:30-19:30 Uhr<\/td>\n<td style=\"width: 15.2075%; height: 57px;\" width=\"208\">Fitnessintervall<\/td>\n<td style=\"width: 5.60994%; height: 57px;\" width=\"170\">Thorsaal\/ Petra<\/td>\n<\/tr>\n<tr style=\"height: 57px;\">\n<td style=\"width: 2.80218%; height: 57px;\" width=\"121\"><strong>\u00a0<\/strong><strong>Mittwoch<\/strong><\/td>\n<td style=\"width: 11.1557%; height: 57px;\" width=\"142\">09:00-10:15 Uhr<\/td>\n<td style=\"width: 15.2075%; height: 57px;\" width=\"208\">Ganzk\u00f6rpertraining<\/td>\n<td style=\"width: 5.60994%; height: 57px;\" width=\"170\">Thorsaal\/ Monika<\/td>\n<\/tr>\n<tr style=\"height: 57px;\">\n<td style=\"width: 2.80218%; height: 57px;\"><strong>\u00a0<\/strong><\/td>\n<td style=\"width: 11.1557%; height: 57px;\">17:00-18:00 Uhr<\/td>\n<td style=\"width: 15.2075%; height: 57px;\">K\u00f6rpertraining f\u00fcr M\u00e4nner<\/td>\n<td style=\"width: 5.60994%; height: 57px;\">Thorsaal\/ Monika<\/td>\n<\/tr>\n<tr style=\"height: 57px;\">\n<td style=\"width: 2.80218%; height: 57px;\" width=\"121\"><strong>\u00a0<\/strong><\/td>\n<td style=\"width: 11.1557%; height: 57px;\" width=\"142\">18:00-19:30 Uhr<\/td>\n<td style=\"width: 15.2075%; height: 57px;\" width=\"208\">Sport f\u00fcr Jedermann und Jedefrau<\/td>\n<td style=\"width: 5.60994%; height: 57px;\" width=\"170\">Kleine Halle\/ Axel<\/td>\n<\/tr>\n<tr style=\"height: 57px;\">\n<td style=\"width: 2.80218%; height: 57px;\"><strong>Donnerstag<br \/>\n<\/strong><\/td>\n<td style=\"width: 11.1557%; height: 57px;\">08:30-09:30 Uhr<\/td>\n<td style=\"width: 15.2075%; height: 57px;\">K\u00f6rpertraining<\/td>\n<td style=\"width: 5.60994%; height: 57px;\">Thorsaal\/ Petra<\/td>\n<\/tr>\n<tr style=\"height: 57px;\">\n<td style=\"width: 2.80218%; height: 57px;\" width=\"121\"><\/td>\n<td style=\"width: 11.1557%; height: 57px;\" width=\"142\">17:30-18:30 Uhr<\/td>\n<td style=\"width: 15.2075%; height: 57px;\" width=\"208\">Flexi-Fitness-Mix<\/td>\n<td style=\"width: 5.60994%; height: 57px;\" width=\"170\">Thorsaal\/ Margrit<\/td>\n<\/tr>\n<tr style=\"height: 57px;\">\n<td style=\"width: 2.80218%; height: 57px;\" width=\"121\"><strong>\u00a0<\/strong><\/td>\n<td style=\"width: 11.1557%; height: 57px;\" width=\"142\">18:30-19:30 Uhr<\/td>\n<td style=\"width: 15.2075%; height: 57px;\" width=\"208\">Flexi-Fitness-Mix<\/td>\n<td style=\"width: 5.60994%; height: 57px;\" width=\"170\">Thorsaal\/ Monika<\/td>\n<\/tr>\n<\/tbody>\n<\/table>\n","protected":false},"excerpt":{"rendered":"<p>Gymnastik &nbsp; Sportliche Leitung: Petra Mademann Telefon: 04608\/365 Mail: petra-mademann@gmx.de &nbsp; &nbsp; Body Workout \/ Step &#8211; Montag, 18.30 &#8211; 19.30 Uhr, Thorsaal Sportliche Leitung: Margrit Johannsen Eine gezielte Gymnastik zur Kr\u00e4ftigung und Straffung der \u201eProblemzonen\u201c, sowie ein Ausdauertraining mit Hilfe von Steps, Kurzhanteln, Tubes und Pilatesb\u00e4llen. &nbsp; Bauch, Beine, Po &#8211; Montag, 19.30 &#8211;&hellip; <br \/> <a class=\"read-more\" href=\"https:\/\/handewitter-sv.de\/?page_id=436\">Read more<\/a><\/p>\n","protected":false},"author":1,"featured_media":0,"parent":0,"menu_order":0,"comment_status":"closed","ping_status":"closed","template":"","meta":{"footnotes":""},"class_list":["post-436","page","type-page","status-publish","hentry"],"_links":{"self":[{"href":"https:\/\/handewitter-sv.de\/index.php?rest_route=\/wp\/v2\/pages\/436","targetHints":{"allow":["GET"]}}],"collection":[{"href":"https:\/\/handewitter-sv.de\/index.php?rest_route=\/wp\/v2\/pages"}],"about":[{"href":"https:\/\/handewitter-sv.de\/index.php?rest_route=\/wp\/v2\/types\/page"}],"author":[{"embeddable":true,"href":"https:\/\/handewitter-sv.de\/index.php?rest_route=\/wp\/v2\/users\/1"}],"replies":[{"embeddable":true,"href":"https:\/\/handewitter-sv.de\/index.php?rest_route=%2Fwp%2Fv2%2Fcomments&post=436"}],"version-history":[{"count":52,"href":"https:\/\/handewitter-sv.de\/index.php?rest_route=\/wp\/v2\/pages\/436\/revisions"}],"predecessor-version":[{"id":1696,"href":"https:\/\/handewitter-sv.de\/index.php?rest_route=\/wp\/v2\/pages\/436\/revisions\/1696"}],"wp:attachment":[{"href":"https:\/\/handewitter-sv.de\/index.php?rest_route=%2Fwp%2Fv2%2Fmedia&parent=436"}],"curies":[{"name":"wp","href":"https:\/\/api.w.org\/{rel}","templated":true}]}}