{"id":458,"date":"2019-02-12T20:52:00","date_gmt":"2019-02-12T19:52:00","guid":{"rendered":"http:\/\/handewitter-sv.de\/?page_id=458"},"modified":"2025-11-17T17:14:14","modified_gmt":"2025-11-17T16:14:14","slug":"schwimmen","status":"publish","type":"page","link":"https:\/\/handewitter-sv.de\/?page_id=458","title":{"rendered":"Schwimmen"},"content":{"rendered":"<div  data-id=\"initial-content-section\" data-export-id=\"initial-content-section\" data-label=\"Initial Content\" id=\"initial-content-section\" class=\"content-section content-section-spacing\">\n   <div  class=\"gridContainer\">\n     <div  class=\"row\">\n\n        <div  class=\"col-xs-12 col-sm-12\">                <p ><strong >Schwimmen<\/strong><\/p>\n<p >&nbsp;<\/p>\n<p >Sportliche Leitung: Margrit Johannsen und Birte Reckewit<\/p>\n<p >Telefon: 04608\/971985<\/p>\n<p >Mail: margrit.johannsen@gmail.com<\/p>\n<p >&nbsp;<\/p>\n<p ><span  style=\"color: #0000ff;\"><strong  style=\"background-color: transparent;\">Achtung: Laufende Kurse und Wartelisten sind voll!&nbsp;<\/strong><\/span><\/p>\n<p >&nbsp;<\/p>\n<p ><strong >Abzeichen<\/strong><\/p>\n<p >Schwimmkurse f\u00fcr Seepferdchen und Bronze.<\/p>\n<p >&nbsp;<\/p>\n<p ><strong >Anmeldung durch Erziehungsberechtigte<\/strong><\/p>\n<p ><span  style=\"text-decoration: underline;\"><span  style=\"font-weight: 700;\">Derzeit sind keine Anmeldungen m\u00f6glich, da alle Kurse und Wartelisten ausgebucht sind.<\/span><\/span><\/p>  <!-- .wpforms-container -->\n<p >&nbsp;<\/p>\n<p ><strong >Bitte beachten<\/strong><\/p>\n<p >Anf\u00e4ngerschwimmen und Wassergew\u00f6hnung <strong >ab 5 Jahren<\/strong> finden mittwochs zwischen 13:00 \u2013 16:00 Uhr in der Schwimmhalle in Jarplund statt.<\/p>\n<p >F\u00fcr die Schwimmkurse f\u00e4llt ein Zusatzbeitrag von 4,00 Euro pro Stunde an.<\/p>\n<p >Eine Teilnahme ist nur nach vorheriger Absprache m\u00f6glich.<\/p>\n<p >In den Ferien finden keine Kurse statt.<\/p>\n<p >Es handelt sich um fortlaufende Kurse, ein Ende muss rechtzeitig zum Quartalsende mitgeteilt werden.<\/p>\n\n          <\/div>\n      <\/div>\n  <\/div>\n<\/div>","protected":false},"excerpt":{"rendered":"<p>Schwimmen &nbsp; Sportliche Leitung: Margrit Johannsen und Birte Reckewit Telefon: 04608\/971985 Mail: margrit.johannsen@gmail.com &nbsp; Achtung: Laufende Kurse und Wartelisten sind voll!&nbsp; &nbsp; Abzeichen Schwimmkurse f\u00fcr Seepferdchen und Bronze. &nbsp; Anmeldung durch Erziehungsberechtigte Derzeit sind keine Anmeldungen m\u00f6glich, da alle Kurse und Wartelisten ausgebucht sind. &nbsp; Bitte beachten Anf\u00e4ngerschwimmen und Wassergew\u00f6hnung ab 5 Jahren finden mittwochs&hellip; <br \/> <a class=\"read-more\" href=\"https:\/\/handewitter-sv.de\/?page_id=458\">Read more<\/a><\/p>\n","protected":false},"author":1,"featured_media":0,"parent":0,"menu_order":0,"comment_status":"closed","ping_status":"closed","template":"pro\/page-templates\/full-width-page.php","meta":{"footnotes":""},"class_list":["post-458","page","type-page","status-publish","hentry"],"_links":{"self":[{"href":"https:\/\/handewitter-sv.de\/index.php?rest_route=\/wp\/v2\/pages\/458","targetHints":{"allow":["GET"]}}],"collection":[{"href":"https:\/\/handewitter-sv.de\/index.php?rest_route=\/wp\/v2\/pages"}],"about":[{"href":"https:\/\/handewitter-sv.de\/index.php?rest_route=\/wp\/v2\/types\/page"}],"author":[{"embeddable":true,"href":"https:\/\/handewitter-sv.de\/index.php?rest_route=\/wp\/v2\/users\/1"}],"replies":[{"embeddable":true,"href":"https:\/\/handewitter-sv.de\/index.php?rest_route=%2Fwp%2Fv2%2Fcomments&post=458"}],"version-history":[{"count":29,"href":"https:\/\/handewitter-sv.de\/index.php?rest_route=\/wp\/v2\/pages\/458\/revisions"}],"predecessor-version":[{"id":1672,"href":"https:\/\/handewitter-sv.de\/index.php?rest_route=\/wp\/v2\/pages\/458\/revisions\/1672"}],"wp:attachment":[{"href":"https:\/\/handewitter-sv.de\/index.php?rest_route=%2Fwp%2Fv2%2Fmedia&parent=458"}],"curies":[{"name":"wp","href":"https:\/\/api.w.org\/{rel}","templated":true}]}}