{"id":484,"date":"2019-02-12T21:04:00","date_gmt":"2019-02-12T20:04:00","guid":{"rendered":"http:\/\/handewitter-sv.de\/?page_id=484"},"modified":"2024-01-11T18:47:40","modified_gmt":"2024-01-11T17:47:40","slug":"beitrag","status":"publish","type":"page","link":"https:\/\/handewitter-sv.de\/?page_id=484","title":{"rendered":"Beitrag"},"content":{"rendered":"<p><strong><span style=\"font-size: 14pt;\">Beitr\u00e4ge im Handewitter Sportverein e.V. (monatlich):<\/span><\/strong><\/p>\n<p>(g\u00fcltig ab 01.01.2024)<\/p>\n<p>&nbsp;<\/p>\n<p><strong>Kinder<\/strong> bis sechs Jahre: 11,50 Euro<\/p>\n<p><strong>Kinder<\/strong> bis 12 Jahre: 14,00 Euro<\/p>\n<p><strong>Jugendliche <\/strong>bis 18 Jahre: 16,50 Euro<\/p>\n<p><strong>Erwachsene<\/strong>: 21,00 Euro<\/p>\n<p><strong>Familienbeitrag<\/strong>: 42,00 Euro<\/p>\n<p>(maximal drei Personen, jedes weitere Kind: 7,50 Euro)<\/p>\n<p><strong>Auszubildende<\/strong>, <strong>Studenten<\/strong> (bis 27 Jahre): 16,50 Euro<\/p>\n<p>&nbsp;<\/p>\n<p><strong>Passive Mitglieder<\/strong>: 7,50 Euro<\/p>\n<p>Mindestbeitrag f\u00fcr F\u00f6rdernde Mitglieder: auf Anfrage<\/p>\n<p><strong>Zusatzbeitr\u00e4ge Tennis<\/strong> (im Jahr): 24,00 bis 72,00 Euro<\/p>\n<p>Zweitmitgliedschaft Tennis: auf Anfrage<\/p>\n<p><strong>Reha Sport<\/strong>: Beitragsfrei nach Kosten\u00fcbernahme durch die Krankenkasse oder 3,50 Euro\/Monat<\/p>\n<p><strong>Schwimmen<\/strong> (je Kind und Stunde): 4,00 Euro<\/p>\n<p>&nbsp;<\/p>\n<p>F\u00fcr die Beitragsh\u00f6he ist der am F\u00e4lligkeitstag bestehende Mitgliederstatus ma\u00dfgebend.<\/p>\n<p>Die H\u00f6he der Mitgliedsbeitr\u00e4ge richtet sich nach der Art der Mitgliedschaft<\/p>\n<p>und der jeweiligen Leistungsf\u00e4higkeit einzelner Mitgliedergruppen.<\/p>\n<p>Soweit dem Verein kein entsprechender Nachweis eingereicht wird,<\/p>\n<p>der einem geringeren Beitrag rechtfertig, ist der f\u00fcr aktive Mitglieder festgesetzte Betrag zu entrichten.<\/p>\n<p>&nbsp;<\/p>\n<p><strong>Spendenkonto Handewitter Sportverein e.V.:<\/strong><\/p>\n<p>IBAN: DE69 2175 0000 0010 0192 73<\/p>\n<p>BIC: NOLADE21NOS<\/p>\n<p>Bank: Nord-Ostsee Sparkasse<\/p>\n","protected":false},"excerpt":{"rendered":"<p>Beitr\u00e4ge im Handewitter Sportverein e.V. (monatlich): (g\u00fcltig ab 01.01.2024) &nbsp; Kinder bis sechs Jahre: 11,50 Euro Kinder bis 12 Jahre: 14,00 Euro Jugendliche bis 18 Jahre: 16,50 Euro Erwachsene: 21,00 Euro Familienbeitrag: 42,00 Euro (maximal drei Personen, jedes weitere Kind: 7,50 Euro) Auszubildende, Studenten (bis 27 Jahre): 16,50 Euro &nbsp; Passive Mitglieder: 7,50 Euro Mindestbeitrag&hellip; <br \/> <a class=\"read-more\" href=\"https:\/\/handewitter-sv.de\/?page_id=484\">Read more<\/a><\/p>\n","protected":false},"author":1,"featured_media":0,"parent":0,"menu_order":0,"comment_status":"closed","ping_status":"closed","template":"","meta":{"footnotes":""},"class_list":["post-484","page","type-page","status-publish","hentry"],"_links":{"self":[{"href":"https:\/\/handewitter-sv.de\/index.php?rest_route=\/wp\/v2\/pages\/484","targetHints":{"allow":["GET"]}}],"collection":[{"href":"https:\/\/handewitter-sv.de\/index.php?rest_route=\/wp\/v2\/pages"}],"about":[{"href":"https:\/\/handewitter-sv.de\/index.php?rest_route=\/wp\/v2\/types\/page"}],"author":[{"embeddable":true,"href":"https:\/\/handewitter-sv.de\/index.php?rest_route=\/wp\/v2\/users\/1"}],"replies":[{"embeddable":true,"href":"https:\/\/handewitter-sv.de\/index.php?rest_route=%2Fwp%2Fv2%2Fcomments&post=484"}],"version-history":[{"count":9,"href":"https:\/\/handewitter-sv.de\/index.php?rest_route=\/wp\/v2\/pages\/484\/revisions"}],"predecessor-version":[{"id":1246,"href":"https:\/\/handewitter-sv.de\/index.php?rest_route=\/wp\/v2\/pages\/484\/revisions\/1246"}],"wp:attachment":[{"href":"https:\/\/handewitter-sv.de\/index.php?rest_route=%2Fwp%2Fv2%2Fmedia&parent=484"}],"curies":[{"name":"wp","href":"https:\/\/api.w.org\/{rel}","templated":true}]}}